{"id":18969,"date":"2025-08-11T14:56:03","date_gmt":"2025-08-11T12:56:03","guid":{"rendered":"http:\/\/cmb2.studio-bens.com\/?page_id=18969"},"modified":"2025-09-15T13:49:07","modified_gmt":"2025-09-15T11:49:07","slug":"18969-2","status":"publish","type":"page","link":"http:\/\/cmb2.studio-bens.com\/fr\/18969-2\/","title":{"rendered":""},"content":{"rendered":"<section class=\"header-section\">\n    <h1 class=\"block-headline\">Seminaire Marc Bloch <\/h1>\n\n<\/section>\n\n\n\n<section class=\"one-box-text-section\">\n    \n    <div class=\"box-container cut\">\n                    <div class=\"text-box\">\n                <p>&nbsp;<\/p>\n<p>Les doctorant.es et chercheur.es du CMB peuvent proposer des s\u00e9minaires dans nos universit\u00e9s partenaires situ\u00e9es dans la r\u00e9gion berlinoise. Actuellement, dans le cadre de conventions de coop\u00e9ration, des seminaires r\u00e9mun\u00e9r\u00e9s peuvent \u00eatre propos\u00e9s \u00e0 l&rsquo;Universit\u00e9 Humboldt de Berlin, \u00e0 l&rsquo;Universit\u00e9 europ\u00e9enne Viadrina de Francfort-sur-l&rsquo;Oder, \u00e0 l&rsquo;Universit\u00e9 Leuphana de Lunebourg et \u00e0 l&rsquo;universit\u00e9 Helmut Schmidt de la Bundeswehr \u00e0 Hambourg.<\/p>\n<p><strong>\u00a0<\/strong><\/p>\n<h3 data-start=\"159\" data-end=\"193\">S\u00e9minaires Marc Bloch pass\u00e9s<\/h3>\n<p>&nbsp;<\/p>\n<p data-start=\"195\" data-end=\"350\">SoSe 2025, Institut f\u00fcr Kulturwissenschaft HU Berlin, Yasmin Afshar et Leon Schl\u00fcter<br data-start=\"279\" data-end=\"282\" \/><strong data-start=\"282\" data-end=\"348\">Autoritarismus- und Faschismus-Analysen der Kritischen Theorie<\/strong><\/p>\n<p>&nbsp;<\/p>\n<p>SoSe2025, Institut f\u00fcr Kulturwissenschaft \u2013 Leuphana Universit\u00e4t L\u00fcneburg, Eleonora Antonakaki Giannisi<br data-start=\"456\" data-end=\"459\" \/><strong data-start=\"459\" data-end=\"490\">Indifference and Technology<\/strong><\/p>\n<p>&nbsp;<\/p>\n<p data-start=\"494\" data-end=\"622\">SoSe 2025, Kulturwissenschaftliche Fakult\u00e4t der Universit\u00e4t Braunschweig, Simone Buzzi et Anne Gr\u00e4fe<br data-start=\"594\" data-end=\"597\" \/><strong data-start=\"597\" data-end=\"620\">Critics of Violence<\/strong><\/p>\n<p>&nbsp;<\/p>\n<p data-start=\"624\" data-end=\"751\">WiSe 2024\/25, Juristische Fakult\u00e4t der Humboldt-Universit\u00e4t, Emma Bolopion et Bastien Fond<br data-start=\"714\" data-end=\"717\" \/><strong data-start=\"717\" data-end=\"749\">Environment, Law and Society<\/strong><\/p>\n<p data-start=\"494\" data-end=\"622\">\n<p>&nbsp;<\/p>\n<p data-start=\"624\" data-end=\"751\">\n<p data-start=\"624\" data-end=\"751\">WiSe 2024\/25, Institut f\u00fcr Kulturwissenschaft der Humboldt-Universit\u00e4t, Myriam Boualami<br data-start=\"840\" data-end=\"843\" \/><strong data-start=\"843\" data-end=\"928\">Using Digital Methods to Explore the Geographies of Berlin\u2019s Live Music Landscape<\/strong><\/p>\n<p data-start=\"494\" data-end=\"622\">\n<p>&nbsp;<\/p>\n<p data-start=\"624\" data-end=\"751\">\n<p data-start=\"932\" data-end=\"1047\">SoSe 2024, Leuphana Universit\u00e4t L\u00fcneburg, Marius Bickhardt et Lukas Stolz<br data-start=\"1005\" data-end=\"1008\" \/><strong data-start=\"1008\" data-end=\"1045\">Kritische Theorien im Anthropoz\u00e4n<\/strong><\/p>\n<p data-start=\"494\" data-end=\"622\">\n<p>&nbsp;<\/p>\n<p data-start=\"1049\" data-end=\"1158\">SoSe 2024, Geographischen Institut HU Berlin, Jonas Nchoundoungam<br data-start=\"1114\" data-end=\"1117\" \/><strong data-start=\"1117\" data-end=\"1156\">Berlins kriminalit\u00e4tsbelastete Orte<\/strong><\/p>\n<p data-start=\"494\" data-end=\"622\">\n<p>&nbsp;<\/p>\n<p data-start=\"1160\" data-end=\"1355\">WiSe 23\/24, Institut f\u00fcr Kulturwissenschaft HU Berlin, Ernesto Ruiz-Eldredge Molina &amp; Sara Minelli<br data-start=\"1258\" data-end=\"1261\" \/><strong data-start=\"1261\" data-end=\"1353\">The Rabble, The Rebel and The Mad. Figures of Social Contradiction in Hegel\u2019s Philosophy<\/strong><\/p>\n<p data-start=\"494\" data-end=\"622\">\n<p>&nbsp;<\/p>\n<p data-start=\"1357\" data-end=\"1546\">SoSe 2023, Institut f\u00fcr Kulturwissenschaft der HU Berlin, Elisa Boyer et Ernesto Valvidia<br data-start=\"1446\" data-end=\"1449\" \/><strong data-start=\"1449\" data-end=\"1544\">Governing Occupational Health in France and Germany: Addressing Social Inequities in the EU<\/strong><\/p>\n<p data-start=\"494\" data-end=\"622\">\n<p>&nbsp;<\/p>\n<p data-start=\"1548\" data-end=\"1677\">SoSe 2023, Fakult\u00e4t Kulturwissenschaften der Leuphana Universit\u00e4t L\u00fcneburg, Bastien Fond<br data-start=\"1636\" data-end=\"1639\" \/><strong data-start=\"1639\" data-end=\"1675\">Einf\u00fchrung in die Diskursanalyse<\/strong><\/p>\n<p data-start=\"494\" data-end=\"622\">\n<p>&nbsp;<\/p>\n<p data-start=\"1679\" data-end=\"1835\">SoSe 2023, Kultur-, Sozial- und Bildungswissenschaftliche Fakult\u00e4t der Humboldt-Universit\u00e4t, Coline Rousteau et Alicia Vogt\u00a0 ; <strong data-start=\"1805\" data-end=\"1833\">Arts and Social Sciences<\/strong><\/p>\n<p data-start=\"494\" data-end=\"622\">\n<p>&nbsp;<\/p>\n<p data-start=\"1679\" data-end=\"1835\">WiSe 22\/23, Institut f\u00fcr Kulturwissenschaften, Arbia Selmi<br data-start=\"1895\" data-end=\"1898\" \/><strong data-start=\"1898\" data-end=\"1942\">Gender, Law and Collective Mobilizations<\/strong><\/p>\n<p data-start=\"494\" data-end=\"622\">\n<p>&nbsp;<\/p>\n<p data-start=\"1946\" data-end=\"2145\">WiSe 22\/23, Kulturwissenschaftliche Fakult\u00e4t der Viadrina, Bruna Martins Coelho et Jule Govrin<br data-start=\"2040\" data-end=\"2043\" \/><strong data-start=\"2043\" data-end=\"2143\">Die Demokratisierung verwundbarer K\u00f6rper: Feministische Lesarten des neoliberalen Autoritarismus<\/strong><\/p>\n<p data-start=\"494\" data-end=\"622\">\n<p>&nbsp;<\/p>\n<p data-start=\"2147\" data-end=\"2353\">SoSe 2022, Institut f\u00fcr Kulturwissenschaften, Elise Huchet et Sarah Hechler<br data-start=\"2222\" data-end=\"2225\" \/><strong data-start=\"2225\" data-end=\"2351\">Selbst- und Gesellschaftserz\u00e4hlungen. Eine theoretische sowie literarische Ann\u00e4herung (Foucault, Butler, Bourdieu, Ernaux)<\/strong><\/p>\n<p data-start=\"494\" data-end=\"622\">\n<p>&nbsp;<\/p>\n<p data-start=\"2147\" data-end=\"2353\">SoSe 2022, Institut f\u00fcr Kulturwissenschaften, Mennatullah Hendawy<br data-start=\"2420\" data-end=\"2423\" \/><strong data-start=\"2423\" data-end=\"2451\">Critical Urban Geography<\/strong><\/p>\n<p data-start=\"494\" data-end=\"622\">\n<p>&nbsp;<\/p>\n<p data-start=\"2455\" data-end=\"2578\">WiSe 21\/22, Institut f\u00fcr Geographie, Jonas Nchoundoungam<br data-start=\"2511\" data-end=\"2514\" \/><strong data-start=\"2514\" data-end=\"2576\">Berlin\u2019s Migrants in the Night Economy in Time of Pandemic<\/strong><\/p>\n<p data-start=\"494\" data-end=\"622\">\n<p>&nbsp;<\/p>\n<p data-start=\"2455\" data-end=\"2578\">WiSe 21\/22, Institut f\u00fcr Kulturwissenschaften, Arbia Selmi<br data-start=\"2638\" data-end=\"2641\" \/><strong data-start=\"2641\" data-end=\"2685\">Gender, Law and Collective Mobilizations<\/strong><\/p>\n<p data-start=\"494\" data-end=\"622\">\n<p>&nbsp;<\/p>\n<p data-start=\"2689\" data-end=\"2822\">WiSe 21\/22, Institut f\u00fcr Kulturwissenschaft, Claire M\u00e9lot et Moritz Gansen<br data-start=\"2763\" data-end=\"2766\" \/><strong data-start=\"2766\" data-end=\"2820\">Staying with the Trouble. Denken mit Donna Haraway<\/strong><\/p>\n<p data-start=\"494\" data-end=\"622\">\n<p>&nbsp;<\/p>\n<p data-start=\"2689\" data-end=\"2822\">SoSe 2021, Juristische Fakult\u00e4t, Niklas Plaetzer<br data-start=\"2872\" data-end=\"2875\" \/><strong data-start=\"2875\" data-end=\"2940\">Traditionsbr\u00fcche: Zur Dekolonisierung der politischen Theorie<\/strong><\/p>\n<p data-start=\"494\" data-end=\"622\">\n<p>&nbsp;<\/p>\n<p data-start=\"2944\" data-end=\"3117\">WiSe 20\/21, Institut f\u00fcr Kulturwissenschaften, Nicolas Schneider, Noa Levin<br data-start=\"3019\" data-end=\"3022\" \/><strong data-start=\"3022\" data-end=\"3115\">Entsetzung and Revolution in the Political Thought of Walter Benjamin and Giorgio Agamben<\/strong><\/p>\n<p data-start=\"494\" data-end=\"622\">\n<p>&nbsp;<\/p>\n<p data-start=\"3119\" data-end=\"3239\">WiSe 20\/21, Institut f\u00fcr Kulturwissenschaften, Moritz Gansen, Claire M\u00e9lot<br data-start=\"3193\" data-end=\"3196\" \/><strong data-start=\"3196\" data-end=\"3237\">Ab\u00e9c\u00e9daire. Denken mit Gilles Deleuze<\/strong><\/p>\n<p data-start=\"494\" data-end=\"622\">\n<p>&nbsp;<\/p>\n<p data-start=\"3241\" data-end=\"3437\">SoSe 2020, Geschichtsfakult\u00e4t, Lucie Lamy et Paula Seidel<br data-start=\"3298\" data-end=\"3301\" \/><strong data-start=\"3301\" data-end=\"3435\">Soziale Netzwerke in der Geschichtswissenschaft: theoretische und methodologische Einf\u00fchrung am Beispiel mittelalterlicher Quellen<\/strong><\/p>\n<p data-start=\"494\" data-end=\"622\">\n<p>&nbsp;<\/p>\n<p data-start=\"3439\" data-end=\"3582\">SoSe 2020, Institut f\u00fcr Kulturwissenschaft, Agatha Menetrier et Aube Richebourg<br data-start=\"3518\" data-end=\"3521\" \/><strong data-start=\"3521\" data-end=\"3580\">Social Movements: An Empirical and Theoretical Approach<\/strong><\/p>\n<p data-start=\"494\" data-end=\"622\">\n<p>&nbsp;<\/p>\n<p data-start=\"3584\" data-end=\"3716\">WiSe 19\/20, Institut f\u00fcr Kulturwissenschaft, Claire M\u00e9lot, Frank M\u00fcller<br data-start=\"3655\" data-end=\"3658\" \/><strong data-start=\"3658\" data-end=\"3714\">Kurze Formen der Kritik: Aphorismus, Fragment, Essay<\/strong><\/p>\n<p data-start=\"494\" data-end=\"622\">\n<p>&nbsp;<\/p>\n<p data-start=\"3718\" data-end=\"3900\">WiSe 19\/20, Institut f\u00fcr Europ\u00e4ische Ethnologie, L\u00e9a Renard<br data-start=\"3777\" data-end=\"3780\" \/><strong data-start=\"3780\" data-end=\"3898\">Moderne Gesellschaften unter den Bedingungen der Digitalisierung: Sozio-technische Arrangements in der Arbeitswelt<\/strong><\/p>\n<p data-start=\"494\" data-end=\"622\">\n<p>&nbsp;<\/p>\n<p data-start=\"3902\" data-end=\"4004\">SoSe 2019, Institut f\u00fcr Kulturwissenschaft, Antoine Mazi\u00e8res, J\u00e9r\u00e9mie Poiroux<br data-start=\"3979\" data-end=\"3982\" \/><strong data-start=\"3982\" data-end=\"4002\">Digital Cultures<\/strong><\/p>\n<p data-start=\"494\" data-end=\"622\">\n<p>&nbsp;<\/p>\n<p data-start=\"4006\" data-end=\"4204\">SoSe 2019, Kultur-, Sozial- und Bildungswissenschaftliche Fakult\u00e4t, Institut f\u00fcr Sozialwissenschaften, Claire Tomasella, Mahaut Ritz<br data-start=\"4138\" data-end=\"4141\" \/><strong data-start=\"4141\" data-end=\"4202\">Einf\u00fchrung in die Socio-histoire: Der Fall der Prekarit\u00e4t<\/strong><\/p>\n<p data-start=\"494\" data-end=\"622\">\n<p>&nbsp;<\/p>\n<p data-start=\"4206\" data-end=\"4326\">WiSe 17\/18, Institut f\u00fcr Kulturwissenschaft, Caroline Garrido, Bahar Sen<br data-start=\"4278\" data-end=\"4281\" \/><strong data-start=\"4281\" data-end=\"4324\">Der urbane Raum \u2013 nach dem Spatial Turn<\/strong><\/p>\n<p data-start=\"494\" data-end=\"622\">\n<p>&nbsp;<\/p>\n<p data-start=\"4328\" data-end=\"4510\">WiSe 17\/18, Institut f\u00fcr Europ\u00e4ische Ethnologie, L\u00e9a Eynaud, L\u00e9a Renard<br data-start=\"4399\" data-end=\"4402\" \/><strong data-start=\"4402\" data-end=\"4508\">Wissen, Technologie und der Staat: die technische Demokratie im Spiegel von Migration und Umweltschutz<\/strong><\/p>\n<p data-start=\"494\" data-end=\"622\">\n<p>&nbsp;<\/p>\n<p data-start=\"4512\" data-end=\"4690\">SoSe 2017, Juristische Fakult\u00e4t, Arne Bardelle, Laurence Meyer, Rouven Symank<br data-start=\"4589\" data-end=\"4592\" \/><strong data-start=\"4592\" data-end=\"4688\">Sham Marriage, Scheinehe, Mariage Blanc: Political and Moral Rationalities of Civil Marriage<\/strong><\/p>\n<p data-start=\"494\" data-end=\"622\">\n<p>&nbsp;<\/p>\n<p data-start=\"4692\" data-end=\"4860\">WiSe 16\/17, Institut f\u00fcr Kulturwissenschaft, Emeline Fourment, Ulrike Zeigermann<br data-start=\"4772\" data-end=\"4775\" \/><strong data-start=\"4775\" data-end=\"4858\">Was steckt hinter Buzzwords? Gesellschaftliche Problemkonstruktion und Diskurse<\/strong><\/p>\n<p data-start=\"494\" data-end=\"622\">\n<p>&nbsp;<\/p>\n<p data-start=\"4862\" data-end=\"5015\">SoSe 2016, Institut f\u00fcr Kulturwissenschaften, B\u00e9n\u00e9dicte Laumond, Naomi Truan<br data-start=\"4938\" data-end=\"4941\" \/><strong data-start=\"4941\" data-end=\"5013\">Der politische Diskurs im Spannungsfeld zwischen Politik und Sprache<\/strong><\/p>\n            <\/div>\n              \n    <\/div>\n<\/section>","protected":false},"excerpt":{"rendered":"","protected":false},"author":3,"featured_media":0,"parent":0,"menu_order":0,"comment_status":"closed","ping_status":"closed","template":"page-modular.php","meta":{"_acf_changed":false,"footnotes":""},"class_list":["post-18969","page","type-page","status-publish","hentry"],"acf":[],"_links":{"self":[{"href":"http:\/\/cmb2.studio-bens.com\/fr\/wp-json\/wp\/v2\/pages\/18969","targetHints":{"allow":["GET"]}}],"collection":[{"href":"http:\/\/cmb2.studio-bens.com\/fr\/wp-json\/wp\/v2\/pages"}],"about":[{"href":"http:\/\/cmb2.studio-bens.com\/fr\/wp-json\/wp\/v2\/types\/page"}],"author":[{"embeddable":true,"href":"http:\/\/cmb2.studio-bens.com\/fr\/wp-json\/wp\/v2\/users\/3"}],"replies":[{"embeddable":true,"href":"http:\/\/cmb2.studio-bens.com\/fr\/wp-json\/wp\/v2\/comments?post=18969"}],"version-history":[{"count":16,"href":"http:\/\/cmb2.studio-bens.com\/fr\/wp-json\/wp\/v2\/pages\/18969\/revisions"}],"predecessor-version":[{"id":18991,"href":"http:\/\/cmb2.studio-bens.com\/fr\/wp-json\/wp\/v2\/pages\/18969\/revisions\/18991"}],"wp:attachment":[{"href":"http:\/\/cmb2.studio-bens.com\/fr\/wp-json\/wp\/v2\/media?parent=18969"}],"curies":[{"name":"wp","href":"https:\/\/api.w.org\/{rel}","templated":true}]}}